{"id":23,"date":"2020-11-22T10:59:16","date_gmt":"2020-11-22T10:59:16","guid":{"rendered":"http:\/\/hoellerbauer.eu\/?page_id=23"},"modified":"2025-09-30T19:00:03","modified_gmt":"2025-09-30T19:00:03","slug":"startseite","status":"publish","type":"page","link":"https:\/\/hoellerbauer.eu\/","title":{"rendered":"Startseite"},"content":{"rendered":"\n<div class=\"wp-block-getwid-section alignfull alignfull getwid-section-content-custom-width\"><div class=\"wp-block-getwid-section__wrapper\" style=\"padding-bottom:0px\"><div class=\"wp-block-getwid-section__inner-wrapper\" style=\"max-width:1090px\"><div class=\"wp-block-getwid-section__background-holder\"><div class=\"wp-block-getwid-section__background\"><\/div><div class=\"wp-block-getwid-section__foreground\"><\/div><\/div><div class=\"wp-block-getwid-section__content\"><div class=\"wp-block-getwid-section__inner-content\">\n<div class=\"wp-block-columns is-layout-flex wp-container-core-columns-is-layout-28f84493 wp-block-columns-is-layout-flex\">\n<div class=\"wp-block-column is-layout-flow wp-block-column-is-layout-flow\">\n<div class=\"wp-block-getwid-images-slider has-arrows-inside has-dots-outside has-images-center has-cropped-images has-fixed-height\"><div class=\"wp-block-getwid-images-slider__wrapper\" data-effect=\"slide\" data-slides-show=\"1\" data-slides-show-laptop=\"1\" data-slides-show-tablet=\"1\" data-slides-show-mobile=\"1\" data-slides-scroll=\"1\" data-autoplay=\"false\" data-pause-hover=\"false\" data-autoplay-speed=\"6000\" data-infinite=\"true\" data-animation-speed=\"800\" data-center-mode=\"false\" data-variable-width=\"false\" data-arrows=\"inside\" data-dots=\"outside\" data-spacing=\"none\"><div class=\"wp-block-getwid-images-slider__item\" style=\"height:50vh\"><figure><img loading=\"lazy\" decoding=\"async\" width=\"1024\" height=\"683\" src=\"https:\/\/hoellerbauer.eu\/wp-content\/uploads\/2021\/12\/CU3_3_0015-1024x683.jpg\" data-id=\"627\" data-link=\"https:\/\/hoellerbauer.eu\/?attachment_id=627\" data-original-link=\"https:\/\/hoellerbauer.eu\/wp-content\/uploads\/2021\/12\/CU3_3_0015-scaled.jpg\" class=\"wp-block-getwid-images-slider__image wp-image-627\" srcset=\"https:\/\/hoellerbauer.eu\/wp-content\/uploads\/2021\/12\/CU3_3_0015-1024x683.jpg 1024w, https:\/\/hoellerbauer.eu\/wp-content\/uploads\/2021\/12\/CU3_3_0015-300x200.jpg 300w, https:\/\/hoellerbauer.eu\/wp-content\/uploads\/2021\/12\/CU3_3_0015-768x512.jpg 768w, https:\/\/hoellerbauer.eu\/wp-content\/uploads\/2021\/12\/CU3_3_0015-1536x1024.jpg 1536w, https:\/\/hoellerbauer.eu\/wp-content\/uploads\/2021\/12\/CU3_3_0015-2048x1365.jpg 2048w\" sizes=\"auto, (max-width: 1024px) 100vw, 1024px\" \/><\/figure><\/div><div class=\"wp-block-getwid-images-slider__item\" style=\"height:50vh\"><figure><img loading=\"lazy\" decoding=\"async\" width=\"768\" height=\"1024\" src=\"https:\/\/hoellerbauer.eu\/wp-content\/uploads\/2025\/07\/WhatsApp-Image-2025-06-19-at-08.37.4110-768x1024.jpeg\" data-id=\"674\" data-link=\"https:\/\/hoellerbauer.eu\/?attachment_id=674\" data-original-link=\"https:\/\/hoellerbauer.eu\/wp-content\/uploads\/2025\/07\/WhatsApp-Image-2025-06-19-at-08.37.4110-scaled.jpeg\" class=\"wp-block-getwid-images-slider__image wp-image-674\" srcset=\"https:\/\/hoellerbauer.eu\/wp-content\/uploads\/2025\/07\/WhatsApp-Image-2025-06-19-at-08.37.4110-768x1024.jpeg 768w, https:\/\/hoellerbauer.eu\/wp-content\/uploads\/2025\/07\/WhatsApp-Image-2025-06-19-at-08.37.4110-225x300.jpeg 225w, https:\/\/hoellerbauer.eu\/wp-content\/uploads\/2025\/07\/WhatsApp-Image-2025-06-19-at-08.37.4110-1152x1536.jpeg 1152w, https:\/\/hoellerbauer.eu\/wp-content\/uploads\/2025\/07\/WhatsApp-Image-2025-06-19-at-08.37.4110-1536x2048.jpeg 1536w, https:\/\/hoellerbauer.eu\/wp-content\/uploads\/2025\/07\/WhatsApp-Image-2025-06-19-at-08.37.4110-scaled.jpeg 1920w\" sizes=\"auto, (max-width: 768px) 100vw, 768px\" \/><\/figure><\/div><div class=\"wp-block-getwid-images-slider__item\" style=\"height:50vh\"><figure><img loading=\"lazy\" decoding=\"async\" width=\"1024\" height=\"925\" src=\"https:\/\/hoellerbauer.eu\/wp-content\/uploads\/2025\/07\/WhatsApp-Image-2025-06-19-at-08.37.412-1024x925.jpeg\" data-id=\"682\" data-link=\"https:\/\/hoellerbauer.eu\/?attachment_id=682\" data-original-link=\"https:\/\/hoellerbauer.eu\/wp-content\/uploads\/2025\/07\/WhatsApp-Image-2025-06-19-at-08.37.412-scaled.jpeg\" class=\"wp-block-getwid-images-slider__image wp-image-682\" srcset=\"https:\/\/hoellerbauer.eu\/wp-content\/uploads\/2025\/07\/WhatsApp-Image-2025-06-19-at-08.37.412-1024x925.jpeg 1024w, https:\/\/hoellerbauer.eu\/wp-content\/uploads\/2025\/07\/WhatsApp-Image-2025-06-19-at-08.37.412-300x271.jpeg 300w, https:\/\/hoellerbauer.eu\/wp-content\/uploads\/2025\/07\/WhatsApp-Image-2025-06-19-at-08.37.412-768x694.jpeg 768w, https:\/\/hoellerbauer.eu\/wp-content\/uploads\/2025\/07\/WhatsApp-Image-2025-06-19-at-08.37.412-1536x1388.jpeg 1536w, https:\/\/hoellerbauer.eu\/wp-content\/uploads\/2025\/07\/WhatsApp-Image-2025-06-19-at-08.37.412-2048x1851.jpeg 2048w\" sizes=\"auto, (max-width: 1024px) 100vw, 1024px\" \/><\/figure><\/div><div class=\"wp-block-getwid-images-slider__item\" style=\"height:50vh\"><figure><img loading=\"lazy\" decoding=\"async\" width=\"768\" height=\"1024\" src=\"https:\/\/hoellerbauer.eu\/wp-content\/uploads\/2025\/07\/WhatsApp-Image-2025-06-19-at-08.37.311-768x1024.jpeg\" data-id=\"668\" data-link=\"https:\/\/hoellerbauer.eu\/?attachment_id=668\" data-original-link=\"https:\/\/hoellerbauer.eu\/wp-content\/uploads\/2025\/07\/WhatsApp-Image-2025-06-19-at-08.37.311-scaled.jpeg\" class=\"wp-block-getwid-images-slider__image wp-image-668\" srcset=\"https:\/\/hoellerbauer.eu\/wp-content\/uploads\/2025\/07\/WhatsApp-Image-2025-06-19-at-08.37.311-768x1024.jpeg 768w, https:\/\/hoellerbauer.eu\/wp-content\/uploads\/2025\/07\/WhatsApp-Image-2025-06-19-at-08.37.311-225x300.jpeg 225w, https:\/\/hoellerbauer.eu\/wp-content\/uploads\/2025\/07\/WhatsApp-Image-2025-06-19-at-08.37.311-1152x1536.jpeg 1152w, https:\/\/hoellerbauer.eu\/wp-content\/uploads\/2025\/07\/WhatsApp-Image-2025-06-19-at-08.37.311-1536x2048.jpeg 1536w, https:\/\/hoellerbauer.eu\/wp-content\/uploads\/2025\/07\/WhatsApp-Image-2025-06-19-at-08.37.311-scaled.jpeg 1920w\" sizes=\"auto, (max-width: 768px) 100vw, 768px\" \/><\/figure><\/div><div class=\"wp-block-getwid-images-slider__item\" style=\"height:50vh\"><figure><img loading=\"lazy\" decoding=\"async\" width=\"1024\" height=\"683\" src=\"https:\/\/hoellerbauer.eu\/wp-content\/uploads\/2020\/11\/IMG_0807-1024x683.jpg\" data-id=\"54\" data-link=\"https:\/\/hoellerbauer.eu\/?attachment_id=54\" data-original-link=\"https:\/\/hoellerbauer.eu\/wp-content\/uploads\/2020\/11\/IMG_0807-scaled.jpg\" class=\"wp-block-getwid-images-slider__image wp-image-54\" srcset=\"https:\/\/hoellerbauer.eu\/wp-content\/uploads\/2020\/11\/IMG_0807-1024x683.jpg 1024w, https:\/\/hoellerbauer.eu\/wp-content\/uploads\/2020\/11\/IMG_0807-300x200.jpg 300w, https:\/\/hoellerbauer.eu\/wp-content\/uploads\/2020\/11\/IMG_0807-768x512.jpg 768w, https:\/\/hoellerbauer.eu\/wp-content\/uploads\/2020\/11\/IMG_0807-1536x1024.jpg 1536w, https:\/\/hoellerbauer.eu\/wp-content\/uploads\/2020\/11\/IMG_0807-2048x1365.jpg 2048w\" sizes=\"auto, (max-width: 1024px) 100vw, 1024px\" \/><\/figure><\/div><div class=\"wp-block-getwid-images-slider__item\" style=\"height:50vh\"><figure><img loading=\"lazy\" decoding=\"async\" width=\"1024\" height=\"971\" src=\"https:\/\/hoellerbauer.eu\/wp-content\/uploads\/2025\/07\/WhatsApp-Image-2025-06-19-at-08.37.41-1024x971.jpeg\" data-id=\"684\" data-link=\"https:\/\/hoellerbauer.eu\/?attachment_id=684\" data-original-link=\"https:\/\/hoellerbauer.eu\/wp-content\/uploads\/2025\/07\/WhatsApp-Image-2025-06-19-at-08.37.41-scaled.jpeg\" class=\"wp-block-getwid-images-slider__image wp-image-684\" srcset=\"https:\/\/hoellerbauer.eu\/wp-content\/uploads\/2025\/07\/WhatsApp-Image-2025-06-19-at-08.37.41-1024x971.jpeg 1024w, https:\/\/hoellerbauer.eu\/wp-content\/uploads\/2025\/07\/WhatsApp-Image-2025-06-19-at-08.37.41-300x284.jpeg 300w, https:\/\/hoellerbauer.eu\/wp-content\/uploads\/2025\/07\/WhatsApp-Image-2025-06-19-at-08.37.41-768x728.jpeg 768w, https:\/\/hoellerbauer.eu\/wp-content\/uploads\/2025\/07\/WhatsApp-Image-2025-06-19-at-08.37.41-1536x1456.jpeg 1536w, https:\/\/hoellerbauer.eu\/wp-content\/uploads\/2025\/07\/WhatsApp-Image-2025-06-19-at-08.37.41-2048x1942.jpeg 2048w\" sizes=\"auto, (max-width: 1024px) 100vw, 1024px\" \/><\/figure><\/div><div class=\"wp-block-getwid-images-slider__item\" style=\"height:50vh\"><figure><img loading=\"lazy\" decoding=\"async\" width=\"1024\" height=\"683\" src=\"https:\/\/hoellerbauer.eu\/wp-content\/uploads\/2020\/11\/IMG_0824-1024x683.jpg\" data-id=\"55\" data-link=\"https:\/\/hoellerbauer.eu\/?attachment_id=55\" data-original-link=\"https:\/\/hoellerbauer.eu\/wp-content\/uploads\/2020\/11\/IMG_0824-scaled.jpg\" class=\"wp-block-getwid-images-slider__image wp-image-55\" srcset=\"https:\/\/hoellerbauer.eu\/wp-content\/uploads\/2020\/11\/IMG_0824-1024x683.jpg 1024w, https:\/\/hoellerbauer.eu\/wp-content\/uploads\/2020\/11\/IMG_0824-300x200.jpg 300w, https:\/\/hoellerbauer.eu\/wp-content\/uploads\/2020\/11\/IMG_0824-768x512.jpg 768w, https:\/\/hoellerbauer.eu\/wp-content\/uploads\/2020\/11\/IMG_0824-1536x1024.jpg 1536w, https:\/\/hoellerbauer.eu\/wp-content\/uploads\/2020\/11\/IMG_0824-2048x1365.jpg 2048w\" sizes=\"auto, (max-width: 1024px) 100vw, 1024px\" \/><\/figure><\/div><div class=\"wp-block-getwid-images-slider__item\" style=\"height:50vh\"><figure><img loading=\"lazy\" decoding=\"async\" width=\"683\" height=\"1024\" src=\"https:\/\/hoellerbauer.eu\/wp-content\/uploads\/2020\/12\/IMG_0654-683x1024.jpg\" data-id=\"89\" data-link=\"https:\/\/hoellerbauer.eu\/?attachment_id=89\" data-original-link=\"https:\/\/hoellerbauer.eu\/wp-content\/uploads\/2020\/12\/IMG_0654-scaled.jpg\" class=\"wp-block-getwid-images-slider__image wp-image-89\" srcset=\"https:\/\/hoellerbauer.eu\/wp-content\/uploads\/2020\/12\/IMG_0654-683x1024.jpg 683w, https:\/\/hoellerbauer.eu\/wp-content\/uploads\/2020\/12\/IMG_0654-200x300.jpg 200w, https:\/\/hoellerbauer.eu\/wp-content\/uploads\/2020\/12\/IMG_0654-768x1152.jpg 768w, https:\/\/hoellerbauer.eu\/wp-content\/uploads\/2020\/12\/IMG_0654-1024x1536.jpg 1024w, https:\/\/hoellerbauer.eu\/wp-content\/uploads\/2020\/12\/IMG_0654-1365x2048.jpg 1365w, https:\/\/hoellerbauer.eu\/wp-content\/uploads\/2020\/12\/IMG_0654-scaled.jpg 1707w\" sizes=\"auto, (max-width: 683px) 100vw, 683px\" \/><\/figure><\/div><div class=\"wp-block-getwid-images-slider__item\" style=\"height:50vh\"><figure><img loading=\"lazy\" decoding=\"async\" width=\"1024\" height=\"768\" src=\"https:\/\/hoellerbauer.eu\/wp-content\/uploads\/2020\/12\/photo_2020-12-02_15-25-16-1024x768.jpg\" data-id=\"86\" data-link=\"https:\/\/hoellerbauer.eu\/?attachment_id=86\" data-original-link=\"https:\/\/hoellerbauer.eu\/wp-content\/uploads\/2020\/12\/photo_2020-12-02_15-25-16.jpg\" class=\"wp-block-getwid-images-slider__image wp-image-86\" srcset=\"https:\/\/hoellerbauer.eu\/wp-content\/uploads\/2020\/12\/photo_2020-12-02_15-25-16-1024x768.jpg 1024w, https:\/\/hoellerbauer.eu\/wp-content\/uploads\/2020\/12\/photo_2020-12-02_15-25-16-300x225.jpg 300w, https:\/\/hoellerbauer.eu\/wp-content\/uploads\/2020\/12\/photo_2020-12-02_15-25-16-768x576.jpg 768w, https:\/\/hoellerbauer.eu\/wp-content\/uploads\/2020\/12\/photo_2020-12-02_15-25-16.jpg 1280w\" sizes=\"auto, (max-width: 1024px) 100vw, 1024px\" \/><\/figure><\/div><div class=\"wp-block-getwid-images-slider__item\" style=\"height:50vh\"><figure><img loading=\"lazy\" decoding=\"async\" width=\"1024\" height=\"768\" src=\"https:\/\/hoellerbauer.eu\/wp-content\/uploads\/2020\/12\/photo_2020-12-02_15-25-26-1024x768.jpg\" data-id=\"85\" data-link=\"https:\/\/hoellerbauer.eu\/?attachment_id=85\" data-original-link=\"https:\/\/hoellerbauer.eu\/wp-content\/uploads\/2020\/12\/photo_2020-12-02_15-25-26.jpg\" class=\"wp-block-getwid-images-slider__image wp-image-85\" srcset=\"https:\/\/hoellerbauer.eu\/wp-content\/uploads\/2020\/12\/photo_2020-12-02_15-25-26-1024x768.jpg 1024w, https:\/\/hoellerbauer.eu\/wp-content\/uploads\/2020\/12\/photo_2020-12-02_15-25-26-300x225.jpg 300w, https:\/\/hoellerbauer.eu\/wp-content\/uploads\/2020\/12\/photo_2020-12-02_15-25-26-768x576.jpg 768w, https:\/\/hoellerbauer.eu\/wp-content\/uploads\/2020\/12\/photo_2020-12-02_15-25-26.jpg 1280w\" sizes=\"auto, (max-width: 1024px) 100vw, 1024px\" \/><\/figure><\/div><div class=\"wp-block-getwid-images-slider__item\" style=\"height:50vh\"><figure><img loading=\"lazy\" decoding=\"async\" width=\"768\" height=\"1024\" src=\"https:\/\/hoellerbauer.eu\/wp-content\/uploads\/2025\/07\/WhatsApp-Image-2025-06-18-at-21.16.49-768x1024.jpeg\" data-id=\"665\" data-link=\"https:\/\/hoellerbauer.eu\/?attachment_id=665\" data-original-link=\"https:\/\/hoellerbauer.eu\/wp-content\/uploads\/2025\/07\/WhatsApp-Image-2025-06-18-at-21.16.49.jpeg\" class=\"wp-block-getwid-images-slider__image wp-image-665\" srcset=\"https:\/\/hoellerbauer.eu\/wp-content\/uploads\/2025\/07\/WhatsApp-Image-2025-06-18-at-21.16.49-768x1024.jpeg 768w, https:\/\/hoellerbauer.eu\/wp-content\/uploads\/2025\/07\/WhatsApp-Image-2025-06-18-at-21.16.49-225x300.jpeg 225w, https:\/\/hoellerbauer.eu\/wp-content\/uploads\/2025\/07\/WhatsApp-Image-2025-06-18-at-21.16.49-1152x1536.jpeg 1152w, https:\/\/hoellerbauer.eu\/wp-content\/uploads\/2025\/07\/WhatsApp-Image-2025-06-18-at-21.16.49.jpeg 1200w\" sizes=\"auto, (max-width: 768px) 100vw, 768px\" \/><\/figure><\/div><\/div><\/div>\n<\/div>\n\n\n\n<div class=\"wp-block-column is-layout-flow wp-block-column-is-layout-flow\">\n<div class=\"alignwide wp-block-ugb-text ugb-text ugb-0205613 ugb-text--design-plain ugb-text--columns-1 ugb-main-block\"><style>.ugb-0205613 .ugb-text__title{text-align:center}.ugb-0205613 .ugb-inner-block{text-align:center}.ugb-0205613.ugb-text{min-height:50vh}@media screen and (-ms-high-contrast:active),screen and (-ms-high-contrast:none){.ugb-0205613.ugb-text{height:50vh}}<\/style><div class=\"ugb-inner-block\"><div class=\"ugb-block-content\"><div class=\"ugb-text__title-wrapper\"><h2 class=\"ugb-text__title\">Willkommen<\/h2><\/div><div class=\"ugb-text__text-wrapper\"><div class=\"ugb-text__text\"><p class=\"ugb-text__text-1\"><br>Unser Familienbetrieb liegt im Herzen des Hartbergerlandes \u2013 in Rohr bei Hartberg.<br>In unserem Betrieb mit eigenem Hofladen bieten wir Ihnen Fleischspezialit\u00e4ten vom Schwein sowie weitere hausgemachte Erzeugnisse an.<br><br>Am Wochenende finden Sie unsere Produkte auch am Bauernmarkt in Wien \u2013 au\u00dferdem sind sie in ausgew\u00e4hlten Gesch\u00e4ften der Region erh\u00e4ltlich.<br><br>Wir freuen uns auf Ihren Besuch bei uns am Hof!<\/p><\/div><\/div><\/div><\/div><\/div>\n<\/div>\n<\/div>\n<\/div><\/div><\/div><\/div><\/div>\n\n\n\n<div class=\"wp-block-ugb-divider ugb-divider ugb-bd1074c ugb-divider--v2 ugb-divider--design-basic ugb-main-block\"><style>.ugb-bd1074c hr.ugb-divider__hr{background-color:var(--theme-palette-color-1,#92b540) !important;height:3px !important;width:60% !important;margin-left:auto !important;margin-right:auto !important}.ugb-bd1074c .ugb-inner-block{text-align:center}@media screen and (min-width:768px){.ugb-bd1074c.ugb-divider{margin-top:50px !important;margin-bottom:80px !important}}<\/style><div class=\"ugb-inner-block\"><div class=\"ugb-block-content\"><hr class=\"ugb-divider__hr\"\/><\/div><\/div><\/div>\n\n\n\n<div class=\"wp-block-ugb-text ugb-text ugb-719c9bf ugb-text--design-plain ugb-text--columns-1 ugb-main-block\"><style>.ugb-719c9bf .ugb-text__title{text-align:center}.ugb-719c9bf .ugb-inner-block{text-align:center}@media screen and (min-width:768px){.ugb-719c9bf.ugb-text{margin-bottom:20px !important}}<\/style><div class=\"ugb-inner-block\"><div class=\"ugb-block-content\"><div class=\"ugb-text__title-wrapper\"><h2 class=\"ugb-text__title\">Familienbetrieb in der dritten Generation<\/h2><\/div><div class=\"ugb-text__text-wrapper\"><div class=\"ugb-text__text\"><p class=\"ugb-text__text-1\">In unserem Betrieb arbeiten drei Generationen Hand in Hand zusammen.<\/p><\/div><\/div><\/div><\/div><\/div>\n\n\n\n<div class=\"wp-block-getwid-section alignfull alignfull getwid-section-content-custom-width\" style=\"margin-bottom:0px\"><div class=\"wp-block-getwid-section__wrapper\" style=\"min-height:2px;padding-top:4px\"><div class=\"wp-block-getwid-section__inner-wrapper\" style=\"max-width:1090px\"><div class=\"wp-block-getwid-section__background-holder\"><div class=\"wp-block-getwid-section__background\"><\/div><div class=\"wp-block-getwid-section__foreground\"><\/div><\/div><div class=\"wp-block-getwid-section__content\"><div class=\"wp-block-getwid-section__inner-content\">\n<div class=\"wp-block-columns has-3-columns is-layout-flex wp-container-core-columns-is-layout-28f84493 wp-block-columns-is-layout-flex\">\n<div class=\"wp-block-column is-layout-flow wp-block-column-is-layout-flow\">\n<div class=\"wp-block-getwid-banner has-animation-style1 has-foreground-15 has-vertical-alignment-bottom\"><a href=\"https:\/\/hoellerbauer.eu\/wp-content\/uploads\/2020\/12\/IMG_0779-scaled.jpg\" class=\"wp-block-getwid-banner__link\"><div class=\"wp-block-getwid-banner__wrapper\"><img loading=\"lazy\" decoding=\"async\" width=\"1707\" height=\"2560\" src=\"http:\/\/hoellerbauer.eu\/wp-content\/uploads\/2020\/12\/IMG_0779-scaled.jpg\" alt=\"\" class=\"wp-block-getwid-banner__image wp-block-getwid-banner__source wp-image-74\" srcset=\"https:\/\/hoellerbauer.eu\/wp-content\/uploads\/2020\/12\/IMG_0779-scaled.jpg 1707w, https:\/\/hoellerbauer.eu\/wp-content\/uploads\/2020\/12\/IMG_0779-200x300.jpg 200w, https:\/\/hoellerbauer.eu\/wp-content\/uploads\/2020\/12\/IMG_0779-683x1024.jpg 683w, https:\/\/hoellerbauer.eu\/wp-content\/uploads\/2020\/12\/IMG_0779-768x1152.jpg 768w, https:\/\/hoellerbauer.eu\/wp-content\/uploads\/2020\/12\/IMG_0779-1024x1536.jpg 1024w, https:\/\/hoellerbauer.eu\/wp-content\/uploads\/2020\/12\/IMG_0779-1365x2048.jpg 1365w\" sizes=\"auto, (max-width: 1707px) 100vw, 1707px\" \/><div class=\"wp-block-getwid-banner__caption\"><div class=\"wp-block-getwid-banner__caption-wrapper\"><span class=\"wp-block-getwid-banner__title\">Grete und Otto<\/span><p class=\"wp-block-getwid-banner__text\">Oma &amp; Opa<\/p><\/div><\/div><\/div><\/a><\/div>\n<\/div>\n\n\n\n<div class=\"wp-block-column is-layout-flow wp-block-column-is-layout-flow\">\n<div class=\"wp-block-getwid-banner has-animation-style1 has-foreground-0 has-vertical-alignment-bottom\"><a href=\"https:\/\/hoellerbauer.eu\/wp-content\/uploads\/2020\/12\/IMG_0790-scaled.jpg\" class=\"wp-block-getwid-banner__link\"><div class=\"wp-block-getwid-banner__wrapper\"><img loading=\"lazy\" decoding=\"async\" width=\"1707\" height=\"2560\" src=\"http:\/\/hoellerbauer.eu\/wp-content\/uploads\/2020\/12\/IMG_0790-scaled.jpg\" alt=\"\" class=\"wp-block-getwid-banner__image wp-block-getwid-banner__source wp-image-75\" srcset=\"https:\/\/hoellerbauer.eu\/wp-content\/uploads\/2020\/12\/IMG_0790-scaled.jpg 1707w, https:\/\/hoellerbauer.eu\/wp-content\/uploads\/2020\/12\/IMG_0790-200x300.jpg 200w, https:\/\/hoellerbauer.eu\/wp-content\/uploads\/2020\/12\/IMG_0790-683x1024.jpg 683w, https:\/\/hoellerbauer.eu\/wp-content\/uploads\/2020\/12\/IMG_0790-768x1152.jpg 768w, https:\/\/hoellerbauer.eu\/wp-content\/uploads\/2020\/12\/IMG_0790-1024x1536.jpg 1024w, https:\/\/hoellerbauer.eu\/wp-content\/uploads\/2020\/12\/IMG_0790-1365x2048.jpg 1365w\" sizes=\"auto, (max-width: 1707px) 100vw, 1707px\" \/><div class=\"wp-block-getwid-banner__caption\"><div class=\"wp-block-getwid-banner__caption-wrapper\"><span class=\"wp-block-getwid-banner__title\">Sabine<\/span><p class=\"wp-block-getwid-banner__text\">Mutter<\/p><\/div><\/div><\/div><\/a><\/div>\n<\/div>\n\n\n\n<div class=\"wp-block-column is-layout-flow wp-block-column-is-layout-flow\">\n<div class=\"wp-block-getwid-banner has-animation-style1 has-foreground-5 has-vertical-alignment-bottom\"><a href=\"https:\/\/hoellerbauer.eu\/wp-content\/uploads\/2020\/12\/IMG_0765-scaled.jpg\" class=\"wp-block-getwid-banner__link\"><div class=\"wp-block-getwid-banner__wrapper\"><img loading=\"lazy\" decoding=\"async\" width=\"1996\" height=\"2560\" src=\"http:\/\/hoellerbauer.eu\/wp-content\/uploads\/2020\/12\/Nadja_bearbeitet-scaled.jpg\" alt=\"\" class=\"wp-block-getwid-banner__image wp-block-getwid-banner__source wp-image-77\" srcset=\"https:\/\/hoellerbauer.eu\/wp-content\/uploads\/2020\/12\/Nadja_bearbeitet-scaled.jpg 1996w, https:\/\/hoellerbauer.eu\/wp-content\/uploads\/2020\/12\/Nadja_bearbeitet-234x300.jpg 234w, https:\/\/hoellerbauer.eu\/wp-content\/uploads\/2020\/12\/Nadja_bearbeitet-798x1024.jpg 798w, https:\/\/hoellerbauer.eu\/wp-content\/uploads\/2020\/12\/Nadja_bearbeitet-768x985.jpg 768w, https:\/\/hoellerbauer.eu\/wp-content\/uploads\/2020\/12\/Nadja_bearbeitet-1197x1536.jpg 1197w, https:\/\/hoellerbauer.eu\/wp-content\/uploads\/2020\/12\/Nadja_bearbeitet-1597x2048.jpg 1597w\" sizes=\"auto, (max-width: 1996px) 100vw, 1996px\" \/><div class=\"wp-block-getwid-banner__caption\"><div class=\"wp-block-getwid-banner__caption-wrapper\"><span class=\"wp-block-getwid-banner__title\">Nadja<\/span><p class=\"wp-block-getwid-banner__text\">Tochter<\/p><\/div><\/div><\/div><\/a><\/div>\n\n\n\n<p><\/p>\n<\/div>\n<\/div>\n<\/div><\/div><\/div><\/div><\/div>\n","protected":false},"excerpt":{"rendered":"<p>Familienbetrieb in der dritten Generation In unserem Betrieb arbeiten drei Generationen Hand in Hand zusammen.<\/p>\n","protected":false},"author":1,"featured_media":0,"parent":0,"menu_order":0,"comment_status":"closed","ping_status":"closed","template":"","meta":{"footnotes":""},"class_list":["post-23","page","type-page","status-publish","hentry"],"blocksy_meta":{"styles_descriptor":{"styles":{"desktop":"","tablet":"","mobile":""},"google_fonts":[],"version":6}},"featured_image_urls_v2":{"full":"","thumbnail":"","medium":"","medium_large":"","large":"","1536x1536":"","2048x2048":""},"post_excerpt_stackable_v2":"<p>WillkommenUnser Familienbetrieb liegt im Herzen des Hartbergerlandes \u2013 in Rohr bei Hartberg.In unserem Betrieb mit eigenem Hofladen bieten wir Ihnen Fleischspezialit\u00e4ten vom Schwein sowie weitere hausgemachte Erzeugnisse an.Am Wochenende finden Sie unsere Produkte auch am Bauernmarkt in Wien \u2013 au\u00dferdem sind sie in ausgew\u00e4hlten Gesch\u00e4ften der Region erh\u00e4ltlich.Wir freuen uns auf Ihren Besuch bei uns am Hof! Familienbetrieb in der dritten GenerationIn unserem Betrieb arbeiten drei Generationen Hand in Hand zusammen. Grete und OttoOma &amp; Opa SabineMutter NadjaTochter<\/p>\n","category_list_v2":"","author_info_v2":{"name":"admin","url":"https:\/\/hoellerbauer.eu\/?author=1"},"comments_num_v2":"0 comments","_links":{"self":[{"href":"https:\/\/hoellerbauer.eu\/index.php?rest_route=\/wp\/v2\/pages\/23","targetHints":{"allow":["GET"]}}],"collection":[{"href":"https:\/\/hoellerbauer.eu\/index.php?rest_route=\/wp\/v2\/pages"}],"about":[{"href":"https:\/\/hoellerbauer.eu\/index.php?rest_route=\/wp\/v2\/types\/page"}],"author":[{"embeddable":true,"href":"https:\/\/hoellerbauer.eu\/index.php?rest_route=\/wp\/v2\/users\/1"}],"replies":[{"embeddable":true,"href":"https:\/\/hoellerbauer.eu\/index.php?rest_route=%2Fwp%2Fv2%2Fcomments&post=23"}],"version-history":[{"count":117,"href":"https:\/\/hoellerbauer.eu\/index.php?rest_route=\/wp\/v2\/pages\/23\/revisions"}],"predecessor-version":[{"id":713,"href":"https:\/\/hoellerbauer.eu\/index.php?rest_route=\/wp\/v2\/pages\/23\/revisions\/713"}],"wp:attachment":[{"href":"https:\/\/hoellerbauer.eu\/index.php?rest_route=%2Fwp%2Fv2%2Fmedia&parent=23"}],"curies":[{"name":"wp","href":"https:\/\/api.w.org\/{rel}","templated":true}]}}